{"id":15,"date":"2025-05-10T14:40:10","date_gmt":"2025-05-10T14:40:10","guid":{"rendered":"http:\/\/tszlogistics.pl\/?page_id=15"},"modified":"2025-05-16T09:26:13","modified_gmt":"2025-05-16T09:26:13","slug":"about","status":"publish","type":"page","link":"https:\/\/tszlogistics.pl\/?page_id=15","title":{"rendered":"O firmie"},"content":{"rendered":"<p>Zdobyta wiedza i umiej\u0119tno\u015bci w tak pr\u0119\u017cnie rozwijaj\u0105cej si\u0119 bran\u017cy jak bran\u017ca transportowo-logistyczna pchn\u0119\u0142y nasze ambicje do rozpocz\u0119cia\u00a0bezpo\u015bredniego \u015bwiadczenia us\u0142ug na Pa\u0144stwa rzecz.<\/p>\n<div>Specjalizujemy si\u0119 w transporcie przesy\u0142ek z wymogiem wysokiego rygoru bezpiecze\u0144stwa, a tak\u017ce towar\u00f3w wymagaj\u0105cych szczeg\u00f3lnej wra\u017cliwo\u015bci. Dysponujemy nowoczesn\u0105 flot\u0105 pojazd\u00f3w spe\u0142niaj\u0105cych najwy\u017csze wymogi \u015brodowiskowe.<\/div>\n<p>Oferujemy nie tylko standardowe rozwi\u0105zania, ale tak\u017ce tworzymy indywidualne produkty logistyczne tak, aby spe\u0142ni\u0107 specyficzne oczekiwania najbardziej wymagaj\u0105cego Klienta.<\/p>\n<div><b>Dlaczego warto nam zaufa\u0107?<\/b><\/div>\n<div><img decoding=\"async\" class=\"an1\" draggable=\"false\" src=\"https:\/\/fonts.gstatic.com\/s\/e\/notoemoji\/16.0\/1f69b\/32.png\" alt=\"\ud83d\ude9b\" data-emoji=\"\ud83d\ude9b\" aria-label=\"\ud83d\ude9b\" \/> Nowoczesna flota pojazd\u00f3w<\/div>\n<div><img decoding=\"async\" class=\"an1\" draggable=\"false\" src=\"https:\/\/fonts.gstatic.com\/s\/e\/notoemoji\/16.0\/1f550\/32.png\" alt=\"\ud83d\udd50\" data-emoji=\"\ud83d\udd50\" aria-label=\"\ud83d\udd50\" \/> Terminowo\u015b\u0107 i niezawodno\u015b\u0107<\/div>\n<div><img decoding=\"async\" class=\"an1\" draggable=\"false\" src=\"https:\/\/fonts.gstatic.com\/s\/e\/notoemoji\/16.0\/1f30d\/32.png\" alt=\"\ud83c\udf0d\" data-emoji=\"\ud83c\udf0d\" aria-label=\"\ud83c\udf0d\" \/> Obs\u0142uga transport\u00f3w na terenie ca\u0142ej Europy<\/div>\n<div><img decoding=\"async\" class=\"an1\" draggable=\"false\" src=\"https:\/\/fonts.gstatic.com\/s\/e\/notoemoji\/16.0\/1f4e6\/32.png\" alt=\"\ud83d\udce6\" data-emoji=\"\ud83d\udce6\" aria-label=\"\ud83d\udce6\" \/> Kompleksowe us\u0142ugi logistyczne<\/div>\n<div><img decoding=\"async\" class=\"an1\" draggable=\"false\" src=\"https:\/\/fonts.gstatic.com\/s\/e\/notoemoji\/16.0\/1f477_200d_2642_fe0f\/32.png\" alt=\"\ud83d\udc77\u200d\u2642\ufe0f\" data-emoji=\"\ud83d\udc77\u200d\u2642\ufe0f\" aria-label=\"\ud83d\udc77\u200d\u2642\ufe0f\" \/> Do\u015bwiadczony i zaanga\u017cowany zesp\u00f3\u0142<\/div>\n","protected":false},"excerpt":{"rendered":"<p>Zdobyta wiedza i umiej\u0119tno\u015bci w tak pr\u0119\u017cnie rozwijaj\u0105cej si\u0119 bran\u017cy jak bran\u017ca transportowo-logistyczna pchn\u0119\u0142y nasze ambicje do rozpocz\u0119cia\u00a0bezpo\u015bredniego \u015bwiadczenia us\u0142ug na Pa\u0144stwa rzecz. Specjalizujemy si\u0119 w transporcie przesy\u0142ek z wymogiem wysokiego rygoru bezpiecze\u0144stwa, a tak\u017ce towar\u00f3w wymagaj\u0105cych szczeg\u00f3lnej wra\u017cliwo\u015bci. Dysponujemy nowoczesn\u0105 flot\u0105 pojazd\u00f3w spe\u0142niaj\u0105cych najwy\u017csze wymogi \u015brodowiskowe. Oferujemy nie tylko standardowe rozwi\u0105zania, ale tak\u017ce tworzymy [&hellip;]<\/p>\n","protected":false},"author":1,"featured_media":0,"parent":0,"menu_order":0,"comment_status":"closed","ping_status":"closed","template":"","meta":{"footnotes":""},"class_list":["post-15","page","type-page","status-publish","hentry"],"_links":{"self":[{"href":"https:\/\/tszlogistics.pl\/index.php?rest_route=\/wp\/v2\/pages\/15","targetHints":{"allow":["GET"]}}],"collection":[{"href":"https:\/\/tszlogistics.pl\/index.php?rest_route=\/wp\/v2\/pages"}],"about":[{"href":"https:\/\/tszlogistics.pl\/index.php?rest_route=\/wp\/v2\/types\/page"}],"author":[{"embeddable":true,"href":"https:\/\/tszlogistics.pl\/index.php?rest_route=\/wp\/v2\/users\/1"}],"replies":[{"embeddable":true,"href":"https:\/\/tszlogistics.pl\/index.php?rest_route=%2Fwp%2Fv2%2Fcomments&post=15"}],"version-history":[{"count":4,"href":"https:\/\/tszlogistics.pl\/index.php?rest_route=\/wp\/v2\/pages\/15\/revisions"}],"predecessor-version":[{"id":64,"href":"https:\/\/tszlogistics.pl\/index.php?rest_route=\/wp\/v2\/pages\/15\/revisions\/64"}],"wp:attachment":[{"href":"https:\/\/tszlogistics.pl\/index.php?rest_route=%2Fwp%2Fv2%2Fmedia&parent=15"}],"curies":[{"name":"wp","href":"https:\/\/api.w.org\/{rel}","templated":true}]}}