{"id":14,"date":"2025-05-10T14:40:10","date_gmt":"2025-05-10T14:40:10","guid":{"rendered":"http:\/\/tszlogistics.pl\/?page_id=14"},"modified":"2025-05-26T19:38:55","modified_gmt":"2025-05-26T19:38:55","slug":"contact","status":"publish","type":"page","link":"https:\/\/tszlogistics.pl\/?page_id=14","title":{"rendered":"Kontakt"},"content":{"rendered":"<div>\n<div><b>TSZLOGISTICS Sp. z o.o. z siedzib\u0105 w Zgierzu<br \/>\n<a href=\"https:\/\/www.google.com\/maps\/search\/Zgierzu+ul.+H.+Sienkiewicza+10,+95-100+Zgierz?entry=gmail&amp;source=g\" target=\"_blank\" rel=\"noopener\" data-saferedirecturl=\"https:\/\/www.google.com\/url?q=https:\/\/www.google.com\/maps\/search\/Zgierzu%2Bul.%2BH.%2BSienkiewicza%2B10,%2B95-100%2BZgierz?entry%3Dgmail%26source%3Dg&amp;source=gmail&amp;ust=1747473318364000&amp;usg=AOvVaw2ipZetWYNlSuCRX8EhALt-\">ul. H. Sienkiewicza 10, 95-100 Zgierz<\/a><\/b><\/div>\n<div>\n<div>NIP:7322225151,\u00a0\u00a0\u00a0\u00a0 REGON:541741140<\/div>\n<\/div>\n<div><\/div>\n<div>Skontaktuj si\u0119 z nami i przekonaj si\u0119, jak mo\u017cemy Ci pom\u00f3c:<\/div>\n<div><\/div>\n<div><img decoding=\"async\" class=\"an1\" draggable=\"false\" src=\"https:\/\/fonts.gstatic.com\/s\/e\/notoemoji\/16.0\/1f4de\/32.png\" alt=\"\ud83d\udcde\" data-emoji=\"\ud83d\udcde\" aria-label=\"\ud83d\udcde\" \/> +48 (&#8230;&#8230;&#8230;&#8230;&#8230;&#8230;&#8230;)<\/div>\n<div><img decoding=\"async\" class=\"an1\" draggable=\"false\" src=\"https:\/\/fonts.gstatic.com\/s\/e\/notoemoji\/16.0\/1f4e7\/32.png\" alt=\"\ud83d\udce7\" data-emoji=\"\ud83d\udce7\" aria-label=\"\ud83d\udce7\" \/> <a href=\"mailto:office@tszlogistics.pl\">Kontakt poczta e-mail<\/a><\/div>\n<\/div>\n<div><img decoding=\"async\" class=\"an1\" draggable=\"false\" src=\"https:\/\/fonts.gstatic.com\/s\/e\/notoemoji\/16.0\/1f310\/32.png\" alt=\"\ud83c\udf10\" data-emoji=\"\ud83c\udf10\" aria-label=\"\ud83c\udf10\" \/> <a href=\"https:\/\/tszlogistics.pl\">Nasza strona internetowa<\/a><\/div>\n<div><\/div>\n<div>Nr konta bankowego:<\/div>\n<div>SWIFT:<\/div>\n<div><\/div>\n","protected":false},"excerpt":{"rendered":"<p>TSZLOGISTICS Sp. z o.o. z siedzib\u0105 w Zgierzu ul. H. Sienkiewicza 10, 95-100 Zgierz NIP:7322225151,\u00a0\u00a0\u00a0\u00a0 REGON:541741140 Skontaktuj si\u0119 z nami i przekonaj si\u0119, jak mo\u017cemy Ci pom\u00f3c: +48 (&#8230;&#8230;&#8230;&#8230;&#8230;&#8230;&#8230;) Kontakt poczta e-mail Nasza strona internetowa Nr konta bankowego: SWIFT:<\/p>\n","protected":false},"author":1,"featured_media":0,"parent":0,"menu_order":0,"comment_status":"closed","ping_status":"closed","template":"","meta":{"footnotes":""},"class_list":["post-14","page","type-page","status-publish","hentry"],"_links":{"self":[{"href":"https:\/\/tszlogistics.pl\/index.php?rest_route=\/wp\/v2\/pages\/14","targetHints":{"allow":["GET"]}}],"collection":[{"href":"https:\/\/tszlogistics.pl\/index.php?rest_route=\/wp\/v2\/pages"}],"about":[{"href":"https:\/\/tszlogistics.pl\/index.php?rest_route=\/wp\/v2\/types\/page"}],"author":[{"embeddable":true,"href":"https:\/\/tszlogistics.pl\/index.php?rest_route=\/wp\/v2\/users\/1"}],"replies":[{"embeddable":true,"href":"https:\/\/tszlogistics.pl\/index.php?rest_route=%2Fwp%2Fv2%2Fcomments&post=14"}],"version-history":[{"count":11,"href":"https:\/\/tszlogistics.pl\/index.php?rest_route=\/wp\/v2\/pages\/14\/revisions"}],"predecessor-version":[{"id":86,"href":"https:\/\/tszlogistics.pl\/index.php?rest_route=\/wp\/v2\/pages\/14\/revisions\/86"}],"wp:attachment":[{"href":"https:\/\/tszlogistics.pl\/index.php?rest_route=%2Fwp%2Fv2%2Fmedia&parent=14"}],"curies":[{"name":"wp","href":"https:\/\/api.w.org\/{rel}","templated":true}]}}